{"id":35,"date":"2020-08-24T20:51:42","date_gmt":"2020-08-24T20:51:42","guid":{"rendered":"http:\/\/dilger-sprachprofi.de\/?page_id=35"},"modified":"2021-01-29T14:09:43","modified_gmt":"2021-01-29T14:09:43","slug":"dolmetschen","status":"publish","type":"page","link":"https:\/\/dilger-sprachprofi.de\/en\/dolmetschen\/","title":{"rendered":"Dolmetschen"},"content":{"rendered":"\n<p><strong>Dolmetschleistungen<\/strong><br>Damit die Kommunikation bei mehrsprachigen Veranstaltungen reibungslos l\u00e4uft, biete ich Ihnen<br>folgende Leistungen an:<\/p>\n\n\n\n<ul class=\"wp-block-list\"><li><strong>Simultandolmetschen<\/strong><br>(nahezu zeitgleiche \u00dcbertragung<br>von der Ausgangs- in die Zielsprache)<br>f\u00fcr Konferenzen, Symposien, Werksf\u00fchrungen, Besichtigungen, Sitzungen<\/li><li><strong>Konsekutiv-\/Verhandlungsdolmetschen<\/strong><br>(\u00dcbertragung des Ausgangstexts in die Zielsprache, entweder satzweise oder in Bl\u00f6cken bis 15 Minuten)<br>f\u00fcr Besprechungen, Verhandlungen, Schulungen, Empf\u00e4nge<\/li><li><strong>Sprachkombinationen<\/strong><br>Deutsch &lt;-> Englisch<br>Deutsch &lt;-> Russisch<\/li><\/ul>\n\n\n\n<p><br><\/p>\n\n\n\n<p><\/p>\n","protected":false},"excerpt":{"rendered":"<p>DolmetschleistungenDamit die Kommunikation bei mehrsprachigen Veranstaltungen reibungslos l\u00e4uft, biete ich Ihnenfolgende Leistungen an: Simultandolmetschen(nahezu zeitgleiche \u00dcbertragungvon der Ausgangs- in die Zielsprache)f\u00fcr Konferenzen, Symposien, Werksf\u00fchrungen, Besichtigungen, Sitzungen Konsekutiv-\/Verhandlungsdolmetschen(\u00dcbertragung des Ausgangstexts in die Zielsprache, entweder satzweise oder in Bl\u00f6cken bis 15 Minuten)f\u00fcr Besprechungen, Verhandlungen, Schulungen, Empf\u00e4nge SprachkombinationenDeutsch &lt;-> EnglischDeutsch &lt;-> Russisch<\/p>\n","protected":false},"author":1,"featured_media":0,"parent":0,"menu_order":2,"comment_status":"closed","ping_status":"closed","template":"","meta":{"footnotes":""},"class_list":["post-35","page","type-page","status-publish","hentry"],"translation":{"provider":"WPGlobus","version":"3.0.2","language":"en","enabled_languages":["de","en","ru"],"languages":{"de":{"title":true,"content":true,"excerpt":false},"en":{"title":false,"content":false,"excerpt":false},"ru":{"title":false,"content":false,"excerpt":false}}},"_links":{"self":[{"href":"https:\/\/dilger-sprachprofi.de\/en\/wp-json\/wp\/v2\/pages\/35","targetHints":{"allow":["GET"]}}],"collection":[{"href":"https:\/\/dilger-sprachprofi.de\/en\/wp-json\/wp\/v2\/pages"}],"about":[{"href":"https:\/\/dilger-sprachprofi.de\/en\/wp-json\/wp\/v2\/types\/page"}],"author":[{"embeddable":true,"href":"https:\/\/dilger-sprachprofi.de\/en\/wp-json\/wp\/v2\/users\/1"}],"replies":[{"embeddable":true,"href":"https:\/\/dilger-sprachprofi.de\/en\/wp-json\/wp\/v2\/comments?post=35"}],"version-history":[{"count":2,"href":"https:\/\/dilger-sprachprofi.de\/en\/wp-json\/wp\/v2\/pages\/35\/revisions"}],"predecessor-version":[{"id":72,"href":"https:\/\/dilger-sprachprofi.de\/en\/wp-json\/wp\/v2\/pages\/35\/revisions\/72"}],"wp:attachment":[{"href":"https:\/\/dilger-sprachprofi.de\/en\/wp-json\/wp\/v2\/media?parent=35"}],"curies":[{"name":"wp","href":"https:\/\/api.w.org\/{rel}","templated":true}]}}