{"id":37,"date":"2020-08-24T20:52:14","date_gmt":"2020-08-24T20:52:14","guid":{"rendered":"http:\/\/dilger-sprachprofi.de\/?page_id=37"},"modified":"2021-01-29T14:13:33","modified_gmt":"2021-01-29T14:13:33","slug":"uebersetzen","status":"publish","type":"page","link":"https:\/\/dilger-sprachprofi.de\/en\/uebersetzen\/","title":{"rendered":"Translation"},"content":{"rendered":"\n<p id=\"block-e6afc8c7-9738-4b39-985d-f709dfc9b1bb\"><strong><br>Schriftliche \u00dcbersetzungen<\/strong><\/p>\n\n\n\n<p id=\"block-04a3c4b3-0743-4f84-8ea4-b47c20afd7b5\"><strong>Fachgebiete:<\/strong><br>Informatik (Software, Onlinehilfe, Dokumentation)<br>Recht (Urkunden, Vertr\u00e4ge)<br>Kfz-Technik<br>Konferenz- und Seminarunterlagen<\/p>\n\n\n\n<p id=\"block-3fee9acb-7e0d-4e70-ba03-65d535e5bbcf\">Ich biete \u00dcbersetzungen prim\u00e4r in meine Muttersprache Deutsch an. Dadurch wird eine exzellente Qualit\u00e4t in Bezug auf Inhalt und Stil gew\u00e4hrleistet.<\/p>\n\n\n\n<p id=\"block-60e79f56-ef35-43ba-af7c-4d5022104bf6\">Bestimmte Standardtexte, z. B. Geburtsurkunden, \u00fcbersetze ich auch in die Fremdsprache.<\/p>\n\n\n\n<p id=\"block-27ddde56-6e1b-46d1-b955-a1a3187541cc\">\u00dcbersetzungen ins Englische oder Russische, die ich aufgrund des Fachgebiets oder Schwierigkeitsgrads nicht selbst ausf\u00fchren kann, gebe ich an kompetente muttersprachliche Kollegen weiter.<\/p>\n\n\n\n<p id=\"block-98236ceb-2f90-4737-875c-05dbbf763d8b\">Ich verwende die g\u00e4ngigen Textverarbeitungsprogramme und hochwertige \u00dcbersetzungstools.<\/p>\n\n\n\n<p id=\"block-da801375-d748-4f4e-b0d2-34a32aada06e\">Als beeidigter Urkunden\u00fcbersetzer kann ich Ihre \u00dcbersetzung bei Bedarf beglaubigen.<\/p>\n","protected":false},"excerpt":{"rendered":"<p>Schriftliche \u00dcbersetzungen Fachgebiete:Informatik (Software, Onlinehilfe, Dokumentation)Recht (Urkunden, Vertr\u00e4ge)Kfz-TechnikKonferenz- und Seminarunterlagen Ich biete \u00dcbersetzungen prim\u00e4r in meine Muttersprache Deutsch an. Dadurch wird eine exzellente Qualit\u00e4t in Bezug auf Inhalt und Stil gew\u00e4hrleistet. Bestimmte Standardtexte, z. B. Geburtsurkunden, \u00fcbersetze ich auch in die Fremdsprache. \u00dcbersetzungen ins Englische oder Russische, die ich aufgrund des Fachgebiets oder Schwierigkeitsgrads nicht &hellip; <\/p>\n<p class=\"link-more\"><a href=\"https:\/\/dilger-sprachprofi.de\/en\/uebersetzen\/\" class=\"more-link\">Continue reading<span class=\"screen-reader-text\"> &#8220;Translation&#8221;<\/span><\/a><\/p>\n","protected":false},"author":1,"featured_media":0,"parent":0,"menu_order":3,"comment_status":"closed","ping_status":"closed","template":"","meta":{"footnotes":""},"class_list":["post-37","page","type-page","status-publish","hentry"],"translation":{"provider":"WPGlobus","version":"3.0.2","language":"en","enabled_languages":["de","en","ru"],"languages":{"de":{"title":true,"content":true,"excerpt":false},"en":{"title":true,"content":true,"excerpt":false},"ru":{"title":true,"content":false,"excerpt":false}}},"_links":{"self":[{"href":"https:\/\/dilger-sprachprofi.de\/en\/wp-json\/wp\/v2\/pages\/37","targetHints":{"allow":["GET"]}}],"collection":[{"href":"https:\/\/dilger-sprachprofi.de\/en\/wp-json\/wp\/v2\/pages"}],"about":[{"href":"https:\/\/dilger-sprachprofi.de\/en\/wp-json\/wp\/v2\/types\/page"}],"author":[{"embeddable":true,"href":"https:\/\/dilger-sprachprofi.de\/en\/wp-json\/wp\/v2\/users\/1"}],"replies":[{"embeddable":true,"href":"https:\/\/dilger-sprachprofi.de\/en\/wp-json\/wp\/v2\/comments?post=37"}],"version-history":[{"count":3,"href":"https:\/\/dilger-sprachprofi.de\/en\/wp-json\/wp\/v2\/pages\/37\/revisions"}],"predecessor-version":[{"id":74,"href":"https:\/\/dilger-sprachprofi.de\/en\/wp-json\/wp\/v2\/pages\/37\/revisions\/74"}],"wp:attachment":[{"href":"https:\/\/dilger-sprachprofi.de\/en\/wp-json\/wp\/v2\/media?parent=37"}],"curies":[{"name":"wp","href":"https:\/\/api.w.org\/{rel}","templated":true}]}}