{"id":8,"date":"2020-08-24T20:29:23","date_gmt":"2020-08-24T20:29:23","guid":{"rendered":"http:\/\/dilger-sprachprofi.de\/?page_id=8"},"modified":"2020-08-25T20:25:10","modified_gmt":"2020-08-25T20:25:10","slug":"kontakt","status":"publish","type":"page","link":"https:\/\/dilger-sprachprofi.de\/en\/kontakt\/","title":{"rendered":"Kontakt"},"content":{"rendered":"\n<p><strong>Ich freue mich auf die Zusammenarbeit mit Ihnen!<\/strong><br><br><strong>Roland Dilger<\/strong><br>Diplom-\u00dcbersetzer und -Dolmetscher<br>f\u00fcr Englisch und Russisch<br>Beeidigter Urkunden\u00fcbersetzer<br>und Gerichtsdolmetscher<br>Mitglied im Bundesverband der<br>Dolmetscher und \u00dcbersetzer e.V.<br><br>Hof Gnadenthal 8<br>D-65597 H\u00fcnfelden<br>Tel. +49 6438 81248<br>Fax +49 6438 81290<br>Mobil: +49 151 15379978<br>E-Mail: <a href=\"mailto:info@dilger-sprachprofi.de\">info@dilger-sprachprofi.de<\/a><\/p>\n","protected":false},"excerpt":{"rendered":"<p>Ich freue mich auf die Zusammenarbeit mit Ihnen! Roland DilgerDiplom-\u00dcbersetzer und -Dolmetscherf\u00fcr Englisch und RussischBeeidigter Urkunden\u00fcbersetzerund GerichtsdolmetscherMitglied im Bundesverband derDolmetscher und \u00dcbersetzer e.V. Hof Gnadenthal 8D-65597 H\u00fcnfeldenTel. +49 6438 81248Fax +49 6438 81290Mobil: +49 151 15379978E-Mail: info@dilger-sprachprofi.de<\/p>\n","protected":false},"author":1,"featured_media":0,"parent":0,"menu_order":6,"comment_status":"closed","ping_status":"closed","template":"","meta":{"footnotes":""},"class_list":["post-8","page","type-page","status-publish","hentry"],"translation":{"provider":"WPGlobus","version":"3.0.2","language":"en","enabled_languages":["de","en","ru"],"languages":{"de":{"title":true,"content":true,"excerpt":false},"en":{"title":false,"content":false,"excerpt":false},"ru":{"title":false,"content":false,"excerpt":false}}},"_links":{"self":[{"href":"https:\/\/dilger-sprachprofi.de\/en\/wp-json\/wp\/v2\/pages\/8","targetHints":{"allow":["GET"]}}],"collection":[{"href":"https:\/\/dilger-sprachprofi.de\/en\/wp-json\/wp\/v2\/pages"}],"about":[{"href":"https:\/\/dilger-sprachprofi.de\/en\/wp-json\/wp\/v2\/types\/page"}],"author":[{"embeddable":true,"href":"https:\/\/dilger-sprachprofi.de\/en\/wp-json\/wp\/v2\/users\/1"}],"replies":[{"embeddable":true,"href":"https:\/\/dilger-sprachprofi.de\/en\/wp-json\/wp\/v2\/comments?post=8"}],"version-history":[{"count":3,"href":"https:\/\/dilger-sprachprofi.de\/en\/wp-json\/wp\/v2\/pages\/8\/revisions"}],"predecessor-version":[{"id":52,"href":"https:\/\/dilger-sprachprofi.de\/en\/wp-json\/wp\/v2\/pages\/8\/revisions\/52"}],"wp:attachment":[{"href":"https:\/\/dilger-sprachprofi.de\/en\/wp-json\/wp\/v2\/media?parent=8"}],"curies":[{"name":"wp","href":"https:\/\/api.w.org\/{rel}","templated":true}]}}